{"id":2264,"date":"2017-01-10T09:11:22","date_gmt":"2017-01-10T09:11:22","guid":{"rendered":"http:\/\/www.graphipack.hu\/mcrn.hu\/?page_id=2264"},"modified":"2017-12-08T08:28:52","modified_gmt":"2017-12-08T08:28:52","slug":"board-members","status":"publish","type":"page","link":"https:\/\/mcrn.hu\/en\/board-members\/","title":{"rendered":"Board Members"},"content":{"rendered":"<p>[vc_row full_width=&#8221;stretch_row_content&#8221;][vc_column][vc_row_inner][vc_column_inner width=&#8221;1\/4&#8243;][vc_single_image image=&#8221;2287&#8243; img_size=&#8221;210&#215;250&#8243; alignment=&#8221;center&#8221;][\/vc_column_inner][vc_column_inner width=&#8221;3\/4&#8243;]<div id=\"ultimate-heading-976769d14b8536c52\" class=\"uvc-heading ult-adjust-bottom-margin ultimate-heading-976769d14b8536c52 uvc-7437 \" data-hspacer=\"line_only\"  data-halign=\"left\" style=\"text-align:left\"><div class=\"uvc-main-heading ult-responsive\"  data-ultimate-target='.uvc-heading.ultimate-heading-976769d14b8536c52 h2'  data-responsive-json-new='{\"font-size\":\"desktop:20px;\",\"line-height\":\"\"}' ><h2 style=\"font-weight:normal;color:#15aebe;margin-top:0px;margin-bottom:10px;\">Otto Skoran MD <\/h2><\/div><div class=\"uvc-heading-spacer line_only\" style=\"topheight:1px;\"><span class=\"uvc-headings-line\" style=\"border-style:solid;border-bottom-width:1px;border-color:#cccccc;width:150px;\"><\/span><\/div><div class=\"uvc-sub-heading ult-responsive\"  data-ultimate-target='.uvc-heading.ultimate-heading-976769d14b8536c52 .uvc-sub-heading '  data-responsive-json-new='{\"font-size\":\"desktop:13px;\",\"line-height\":\"desktop:20px;\"}'  style=\"font-weight:normal;color:#242021;margin-top:10px;margin-bottom:0px;\"><\/p>\n<p style=\"text-align: justify;\">Graduated from Semmelweis University as a Medical Doctor in 1993; researcher and physician at the National Institute of Cardiology, Budapest for 6 years and received here his internal medicine board certification; fellowship worker at University of Parma in 1996; founder and manager of the Goodwill Research Ltd., a company with main focus on pharmaceutical and clinical research, from 1998 for more than 10 years; co-founder and later executive director of the reorganized Sv\u00e1bhegy Pediatric Hospital, co-founder and director of Auxiliis Clinical Development Ltd, co-founder of Medicines for Children Research Network Hungary.<\/p>\n<p><\/div><\/div>[\/vc_column_inner][\/vc_row_inner][vc_separator css=&#8221;.vc_custom_1484043147745{padding-top: 25px !important;padding-bottom: 25px !important;}&#8221;][vc_row_inner][vc_column_inner width=&#8221;1\/4&#8243;][vc_single_image image=&#8221;2573&#8243; img_size=&#8221;210&#215;250&#8243; alignment=&#8221;center&#8221;][\/vc_column_inner][vc_column_inner width=&#8221;3\/4&#8243;]<div id=\"ultimate-heading-112569d14b8536c6f\" class=\"uvc-heading ult-adjust-bottom-margin ultimate-heading-112569d14b8536c6f uvc-6861 \" data-hspacer=\"line_only\"  data-halign=\"left\" style=\"text-align:left\"><div class=\"uvc-main-heading ult-responsive\"  data-ultimate-target='.uvc-heading.ultimate-heading-112569d14b8536c6f h2'  data-responsive-json-new='{\"font-size\":\"desktop:20px;\",\"line-height\":\"\"}' ><h2 style=\"font-weight:normal;color:#15aebe;margin-top:0px;margin-bottom:10px;\">Hajnalka Szabo MD <\/h2><\/div><div class=\"uvc-heading-spacer line_only\" style=\"topheight:1px;\"><span class=\"uvc-headings-line\" style=\"border-style:solid;border-bottom-width:1px;border-color:#cccccc;width:150px;\"><\/span><\/div><div class=\"uvc-sub-heading ult-responsive\"  data-ultimate-target='.uvc-heading.ultimate-heading-112569d14b8536c6f .uvc-sub-heading '  data-responsive-json-new='{\"font-size\":\"desktop:13px;\",\"line-height\":\"desktop:20px;\"}'  style=\"font-weight:normal;color:#242021;margin-top:10px;margin-bottom:0px;\"><\/p>\n<p style=\"text-align: justify;\">Graduated from Semmelweis University as a Medical Doctor in 1990, physician at the Department of Paediatrics of University of Szeged for 20 years. She received her PhD degree here in 2010, her pediatrician, pediatric pulmonologist and neonatologist board certifications at the University of Szeged. She has been the representative of the hungarian pediatric pulmonologists in the International Advisory Board of Congresson International Pediatric Pulmonology since 2010. She has been working as the Head of Pediatric Department of &#8222;Szent Gy\u00f6rgy&#8221; University Teaching Hospital of Country Fej\u00e9r since March of 2017. She joined the team of pulmonologists of Sv\u00e1bhegyi Children\u2019s Clinic three years ago.<\/p>\n<p><\/div><\/div>[\/vc_column_inner][\/vc_row_inner][vc_separator css=&#8221;.vc_custom_1484043147745{padding-top: 25px !important;padding-bottom: 25px !important;}&#8221;][vc_row_inner][vc_column_inner width=&#8221;1\/4&#8243;][vc_single_image image=&#8221;2488&#8243; img_size=&#8221;210&#215;250&#8243; alignment=&#8221;center&#8221;][\/vc_column_inner][vc_column_inner width=&#8221;3\/4&#8243;]<div id=\"ultimate-heading-614669d14b8536c7f\" class=\"uvc-heading ult-adjust-bottom-margin ultimate-heading-614669d14b8536c7f uvc-4188 \" data-hspacer=\"line_only\"  data-halign=\"left\" style=\"text-align:left\"><div class=\"uvc-main-heading ult-responsive\"  data-ultimate-target='.uvc-heading.ultimate-heading-614669d14b8536c7f h2'  data-responsive-json-new='{\"font-size\":\"desktop:20px;\",\"line-height\":\"\"}' ><h2 style=\"font-weight:normal;color:#15aebe;margin-top:0px;margin-bottom:10px;\">Miklos Garami MD<\/h2><\/div><div class=\"uvc-heading-spacer line_only\" style=\"topheight:1px;\"><span class=\"uvc-headings-line\" style=\"border-style:solid;border-bottom-width:1px;border-color:#cccccc;width:150px;\"><\/span><\/div><div class=\"uvc-sub-heading ult-responsive\"  data-ultimate-target='.uvc-heading.ultimate-heading-614669d14b8536c7f .uvc-sub-heading '  data-responsive-json-new='{\"font-size\":\"desktop:13px;\",\"line-height\":\"desktop:20px;\"}'  style=\"font-weight:normal;color:#242021;margin-top:10px;margin-bottom:0px;\"><\/p>\n<p style=\"text-align: justify;\">Has over 20 years of experience of running clinical trials in the field of pediatric oncology; has M.D., M.Sc. and Ph.D. degrees from the Semmelweis University (Budapest, Hungary); a board certified pediatrician, clinical oncologist and hematologist. Currently, he is the deputy chairman of the 2nd Department of Pediatrics (main Centre of the Hungarian Pediatric Oncology Network). He spent a three years postdoctoral (American Heart Association, AHA) fellowship at University of California at San Francisco.<\/p>\n<p><\/div><\/div>[\/vc_column_inner][\/vc_row_inner][vc_separator css=&#8221;.vc_custom_1484043147745{padding-top: 25px !important;padding-bottom: 25px !important;}&#8221;][vc_row_inner][vc_column_inner width=&#8221;1\/4&#8243;][vc_single_image image=&#8221;2489&#8243; img_size=&#8221;210&#215;250&#8243; alignment=&#8221;center&#8221; css=&#8221;.vc_custom_1487320816405{border-radius: 1px !important;}&#8221;][\/vc_column_inner][vc_column_inner width=&#8221;3\/4&#8243;]<div id=\"ultimate-heading-551269d14b8536c8b\" class=\"uvc-heading ult-adjust-bottom-margin ultimate-heading-551269d14b8536c8b uvc-9483 \" data-hspacer=\"line_only\"  data-halign=\"left\" style=\"text-align:left\"><div class=\"uvc-main-heading ult-responsive\"  data-ultimate-target='.uvc-heading.ultimate-heading-551269d14b8536c8b h2'  data-responsive-json-new='{\"font-size\":\"desktop:20px;\",\"line-height\":\"\"}' ><h2 style=\"font-weight:normal;color:#15aebe;margin-top:0px;margin-bottom:10px;\">Anna Altmann MD<\/h2><\/div><div class=\"uvc-heading-spacer line_only\" style=\"topheight:1px;\"><span class=\"uvc-headings-line\" style=\"border-style:solid;border-bottom-width:1px;border-color:#cccccc;width:150px;\"><\/span><\/div><div class=\"uvc-sub-heading ult-responsive\"  data-ultimate-target='.uvc-heading.ultimate-heading-551269d14b8536c8b .uvc-sub-heading '  data-responsive-json-new='{\"font-size\":\"desktop:13px;\",\"line-height\":\"desktop:20px;\"}'  style=\"font-weight:normal;color:#242021;margin-top:10px;margin-bottom:0px;\"><\/p>\n<p style=\"text-align: justify;\">Graduated from Semmelweis University as Medical Doctor in 1986; received her pediatric board certification in 1992; certified pediatric neurologist since 1994. She has extended experience with check up, treatment, care of epileptic children; as certified clinical pharmacologist (University of Debrecen, 2010) run several pediatric clinical trials.<\/p>\n<p><\/div><\/div>[\/vc_column_inner][\/vc_row_inner][vc_separator css=&#8221;.vc_custom_1484043147745{padding-top: 25px !important;padding-bottom: 25px !important;}&#8221;][vc_row_inner][vc_column_inner width=&#8221;1\/4&#8243;][vc_single_image image=&#8221;2490&#8243; img_size=&#8221;210&#215;250&#8243; alignment=&#8221;center&#8221;][\/vc_column_inner][vc_column_inner width=&#8221;3\/4&#8243;]<div id=\"ultimate-heading-644369d14b8536c96\" class=\"uvc-heading ult-adjust-bottom-margin ultimate-heading-644369d14b8536c96 uvc-9330 \" data-hspacer=\"line_only\"  data-halign=\"left\" style=\"text-align:left\"><div class=\"uvc-main-heading ult-responsive\"  data-ultimate-target='.uvc-heading.ultimate-heading-644369d14b8536c96 h2'  data-responsive-json-new='{\"font-size\":\"desktop:20px;\",\"line-height\":\"\"}' ><h2 style=\"font-weight:normal;color:#15aebe;margin-top:0px;margin-bottom:10px;\">Edit Muhari-Stark MD<\/h2><\/div><div class=\"uvc-heading-spacer line_only\" style=\"topheight:1px;\"><span class=\"uvc-headings-line\" style=\"border-style:solid;border-bottom-width:1px;border-color:#cccccc;width:150px;\"><\/span><\/div><div class=\"uvc-sub-heading ult-responsive\"  data-ultimate-target='.uvc-heading.ultimate-heading-644369d14b8536c96 .uvc-sub-heading '  data-responsive-json-new='{\"font-size\":\"desktop:13px;\",\"line-height\":\"desktop:20px;\"}'  style=\"font-weight:normal;color:#242021;margin-top:10px;margin-bottom:0px;\"><\/p>\n<p style=\"text-align: justify;\">Graduated from Semmelweis University, Budapest as a Medical Doctor in 2005; completed 4 years of paediatric and neonatology specialist training in the United Kingdom (Leeds, London); worked as a medical assessor at the Medicines and Healthcare Products Regulatory Agency (MHRA) Paediatric Unit from 2009 to 2013; spent three months as a research fellow at the U.S. Food and Drug Administration (FDA) in Washington DC and recently graduated from the Global Research in Paediatrics (GRiP) \u2018MSc in Paediatric Medicines Development and Evaluation\u2019 program from the University of Rome Tor Vergata. She is a member of the MCRN Hungary board since 2014.<\/p>\n<p><\/div><\/div>[\/vc_column_inner][\/vc_row_inner][\/vc_column][\/vc_row]<\/p>\n","protected":false},"excerpt":{"rendered":"<p>[vc_row full_width=&#8221;stretch_row_content&#8221;][vc_column][vc_row_inner][vc_column_inner width=&#8221;1\/4&#8243;][vc_single_image image=&#8221;2287&#8243; img_size=&#8221;210&#215;250&#8243; alignment=&#8221;center&#8221;][\/vc_column_inner][vc_column_inner width=&#8221;3\/4&#8243;][\/vc_column_inner][\/vc_row_inner][vc_separator css=&#8221;.vc_custom_1484043147745{padding-top: 25px !important;padding-bottom: 25px !important;}&#8221;][vc_row_inner][vc_column_inner width=&#8221;1\/4&#8243;][vc_single_image image=&#8221;2573&#8243; img_size=&#8221;210&#215;250&#8243; alignment=&#8221;center&#8221;][\/vc_column_inner][vc_column_inner width=&#8221;3\/4&#8243;][\/vc_column_inner][\/vc_row_inner][vc_separator css=&#8221;.vc_custom_1484043147745{padding-top: 25px !important;padding-bottom:&nbsp;<a href=\"https:\/\/mcrn.hu\/en\/board-members\/\">[&hellip;]<\/a><\/p>\n","protected":false},"author":3,"featured_media":0,"parent":0,"menu_order":0,"comment_status":"closed","ping_status":"closed","template":"page-fullwidth.php","meta":{"footnotes":""},"class_list":["post-2264","page","type-page","status-publish","hentry"],"_links":{"self":[{"href":"https:\/\/mcrn.hu\/en\/wp-json\/wp\/v2\/pages\/2264","targetHints":{"allow":["GET"]}}],"collection":[{"href":"https:\/\/mcrn.hu\/en\/wp-json\/wp\/v2\/pages"}],"about":[{"href":"https:\/\/mcrn.hu\/en\/wp-json\/wp\/v2\/types\/page"}],"author":[{"embeddable":true,"href":"https:\/\/mcrn.hu\/en\/wp-json\/wp\/v2\/users\/3"}],"replies":[{"embeddable":true,"href":"https:\/\/mcrn.hu\/en\/wp-json\/wp\/v2\/comments?post=2264"}],"version-history":[{"count":28,"href":"https:\/\/mcrn.hu\/en\/wp-json\/wp\/v2\/pages\/2264\/revisions"}],"predecessor-version":[{"id":2555,"href":"https:\/\/mcrn.hu\/en\/wp-json\/wp\/v2\/pages\/2264\/revisions\/2555"}],"wp:attachment":[{"href":"https:\/\/mcrn.hu\/en\/wp-json\/wp\/v2\/media?parent=2264"}],"curies":[{"name":"wp","href":"https:\/\/api.w.org\/{rel}","templated":true}]}}